{"id":1519,"date":"2023-03-10T16:30:54","date_gmt":"2023-03-10T15:30:54","guid":{"rendered":"https:\/\/resl.ch\/ueberwachung-der-bestellung\/"},"modified":"2023-03-21T15:54:35","modified_gmt":"2023-03-21T14:54:35","slug":"ueberwachung-der-bestellung","status":"publish","type":"page","link":"https:\/\/resl.ch\/de\/ueberwachung-der-bestellung\/","title":{"rendered":"\u00dcberwachung der Bestellung"},"content":{"rendered":"\t\t<div data-elementor-type=\"wp-page\" data-elementor-id=\"1519\" class=\"elementor elementor-1519 elementor-179\" data-elementor-post-type=\"page\">\n\t\t\t\t\t\t<section class=\"elementor-section elementor-top-section elementor-element elementor-element-e0b4112 elementor-section-boxed elementor-section-height-default elementor-section-height-default\" data-id=\"e0b4112\" data-element_type=\"section\" data-e-type=\"section\" data-settings=\"{&quot;background_background&quot;:&quot;classic&quot;}\">\n\t\t\t\t\t\t<div class=\"elementor-container elementor-column-gap-default\">\n\t\t\t\t\t<div class=\"elementor-column elementor-col-100 elementor-top-column elementor-element elementor-element-977d360\" data-id=\"977d360\" data-element_type=\"column\" data-e-type=\"column\">\n\t\t\t<div class=\"elementor-widget-wrap elementor-element-populated\">\n\t\t\t\t\t\t<div class=\"elementor-element elementor-element-e30cd7e elementor-headline--style-highlight elementor-widget elementor-widget-animated-headline\" data-id=\"e30cd7e\" data-element_type=\"widget\" data-e-type=\"widget\" data-settings=\"{&quot;marker&quot;:&quot;underline&quot;,&quot;highlighted_text&quot;:&quot;Bestellungen&quot;,&quot;headline_style&quot;:&quot;highlight&quot;,&quot;loop&quot;:&quot;yes&quot;,&quot;highlight_animation_duration&quot;:1200,&quot;highlight_iteration_delay&quot;:8000}\" data-widget_type=\"animated-headline.default\">\n\t\t\t\t<div class=\"elementor-widget-container\">\n\t\t\t\t\t\t\t<h1 class=\"elementor-headline\">\n\t\t\t\t\t<span class=\"elementor-headline-plain-text elementor-headline-text-wrapper\">\u00dcberwachung<\/span>\n\t\t\t\t<span class=\"elementor-headline-dynamic-wrapper elementor-headline-text-wrapper\">\n\t\t\t\t\t<span class=\"elementor-headline-dynamic-text elementor-headline-text-active\">Bestellungen<\/span>\n\t\t\t\t<\/span>\n\t\t\t\t<\/h1>\n\t\t\t\t\t\t<\/div>\n\t\t\t\t<\/div>\n\t\t\t\t\t<\/div>\n\t\t<\/div>\n\t\t\t\t\t<\/div>\n\t\t<\/section>\n\t\t\t\t<section class=\"elementor-section elementor-top-section elementor-element elementor-element-bf18881 elementor-section-boxed elementor-section-height-default elementor-section-height-default\" data-id=\"bf18881\" data-element_type=\"section\" data-e-type=\"section\">\n\t\t\t\t\t\t<div class=\"elementor-container elementor-column-gap-default\">\n\t\t\t\t\t<div class=\"elementor-column elementor-col-100 elementor-top-column elementor-element elementor-element-a71b0eb\" data-id=\"a71b0eb\" data-element_type=\"column\" data-e-type=\"column\">\n\t\t\t<div class=\"elementor-widget-wrap elementor-element-populated\">\n\t\t\t\t\t\t<div class=\"elementor-element elementor-element-4cac3ea elementor-widget elementor-widget-text-editor\" data-id=\"4cac3ea\" data-element_type=\"widget\" data-e-type=\"widget\" data-widget_type=\"text-editor.default\">\n\t\t\t\t<div class=\"elementor-widget-container\">\n\t\t\t\t\t\t\t\t\t<h3><strong>Kundenbereich<\/strong><\/h3>\n<p><span lang=\"en-US\">Durch Eingabe des Ihnen mitgeteilten Benutzernamens und Passworts k\u00f6nnen Sie auf Ihrem Computer den detaillierten Fortschrittsstatus aller Ihrer laufenden Auftr\u00e4ge bei RESL einsehen.<\/span><\/p>\n<p><span lang=\"en-US\">Der Fortschritt wird bei langfristigen Arbeiten alle 2 Wochen und bei kurzfristigen Arbeiten alle 1 Woche aktualisiert.<\/span><\/p>\n<p><span lang=\"en-US\">Ziel dieses Tools ist es, unseren Kunden die \u00dcberwachung des Arbeitsfortschritts zu erleichtern und eine sofortige Antwort auf die Frage nach den Lieferungen zu geben.<\/span><\/p>\n<p><span lang=\"en-US\">Wir hoffen, dass dieser Service f\u00fcr unsere Kunden hilfreich ist. Um diesen Bereich zu verbessern, senden Sie uns bitte Ihr Feedback.<\/span><\/p>\n\t\t\t\t\t\t\t\t<\/div>\n\t\t\t\t<\/div>\n\t\t\t\t\t<\/div>\n\t\t<\/div>\n\t\t\t\t\t<\/div>\n\t\t<\/section>\n\t\t\t\t<\/div>\n\t\t","protected":false},"excerpt":{"rendered":"<p>\u00dcberwachung Bestellungen Kundenbereich Durch Eingabe des Ihnen mitgeteilten Benutzernamens und Passworts k\u00f6nnen Sie auf Ihrem Computer den detaillierten Fortschrittsstatus aller Ihrer laufenden Auftr\u00e4ge bei RESL einsehen. Der Fortschritt wird bei langfristigen Arbeiten alle 2 Wochen und bei kurzfristigen Arbeiten alle 1 Woche aktualisiert. Ziel dieses Tools ist es, unseren Kunden die \u00dcberwachung des Arbeitsfortschritts zu [&hellip;]<\/p>\n","protected":false},"author":3,"featured_media":0,"parent":0,"menu_order":0,"comment_status":"closed","ping_status":"closed","template":"elementor_header_footer","meta":{"_seopress_robots_primary_cat":"","_seopress_titles_title":"","_seopress_titles_desc":"","_seopress_robots_index":"","footnotes":""},"class_list":["post-1519","page","type-page","status-publish","hentry"],"_links":{"self":[{"href":"https:\/\/resl.ch\/de\/wp-json\/wp\/v2\/pages\/1519","targetHints":{"allow":["GET"]}}],"collection":[{"href":"https:\/\/resl.ch\/de\/wp-json\/wp\/v2\/pages"}],"about":[{"href":"https:\/\/resl.ch\/de\/wp-json\/wp\/v2\/types\/page"}],"author":[{"embeddable":true,"href":"https:\/\/resl.ch\/de\/wp-json\/wp\/v2\/users\/3"}],"replies":[{"embeddable":true,"href":"https:\/\/resl.ch\/de\/wp-json\/wp\/v2\/comments?post=1519"}],"version-history":[{"count":0,"href":"https:\/\/resl.ch\/de\/wp-json\/wp\/v2\/pages\/1519\/revisions"}],"wp:attachment":[{"href":"https:\/\/resl.ch\/de\/wp-json\/wp\/v2\/media?parent=1519"}],"curies":[{"name":"wp","href":"https:\/\/api.w.org\/{rel}","templated":true}]}}