{"id":1538,"date":"2023-03-09T16:27:33","date_gmt":"2023-03-09T15:27:33","guid":{"rendered":"https:\/\/resl.ch\/dienstleistungen\/"},"modified":"2023-04-06T15:32:23","modified_gmt":"2023-04-06T13:32:23","slug":"dienstleistungen","status":"publish","type":"page","link":"https:\/\/resl.ch\/de\/dienstleistungen\/","title":{"rendered":"Dienstleistungen"},"content":{"rendered":"\t\t<div data-elementor-type=\"wp-page\" data-elementor-id=\"1538\" class=\"elementor elementor-1538 elementor-101\" data-elementor-post-type=\"page\">\n\t\t\t\t\t\t<section class=\"elementor-section elementor-top-section elementor-element elementor-element-5191d9d elementor-section-boxed elementor-section-height-default elementor-section-height-default\" data-id=\"5191d9d\" data-element_type=\"section\" data-e-type=\"section\" data-settings=\"{&quot;background_background&quot;:&quot;classic&quot;}\">\n\t\t\t\t\t\t<div class=\"elementor-container elementor-column-gap-default\">\n\t\t\t\t\t<div class=\"elementor-column elementor-col-100 elementor-top-column elementor-element elementor-element-392292b\" data-id=\"392292b\" data-element_type=\"column\" data-e-type=\"column\">\n\t\t\t<div class=\"elementor-widget-wrap elementor-element-populated\">\n\t\t\t\t\t\t<div class=\"elementor-element elementor-element-54f6103c elementor-headline--style-highlight elementor-widget elementor-widget-animated-headline\" data-id=\"54f6103c\" data-element_type=\"widget\" data-e-type=\"widget\" data-settings=\"{&quot;marker&quot;:&quot;underline&quot;,&quot;highlighted_text&quot;:&quot;Dienstleistungen&quot;,&quot;headline_style&quot;:&quot;highlight&quot;,&quot;loop&quot;:&quot;yes&quot;,&quot;highlight_animation_duration&quot;:1200,&quot;highlight_iteration_delay&quot;:8000}\" data-widget_type=\"animated-headline.default\">\n\t\t\t\t<div class=\"elementor-widget-container\">\n\t\t\t\t\t\t\t<h1 class=\"elementor-headline\">\n\t\t\t\t<span class=\"elementor-headline-dynamic-wrapper elementor-headline-text-wrapper\">\n\t\t\t\t\t<span class=\"elementor-headline-dynamic-text elementor-headline-text-active\">Dienstleistungen<\/span>\n\t\t\t\t<\/span>\n\t\t\t\t<\/h1>\n\t\t\t\t\t\t<\/div>\n\t\t\t\t<\/div>\n\t\t\t\t\t<\/div>\n\t\t<\/div>\n\t\t\t\t\t<\/div>\n\t\t<\/section>\n\t\t\t\t<section class=\"elementor-section elementor-top-section elementor-element elementor-element-e05025c elementor-section-boxed elementor-section-height-default elementor-section-height-default\" data-id=\"e05025c\" data-element_type=\"section\" data-e-type=\"section\">\n\t\t\t\t\t\t<div class=\"elementor-container elementor-column-gap-default\">\n\t\t\t\t\t<div class=\"elementor-column elementor-col-100 elementor-top-column elementor-element elementor-element-3358be94\" data-id=\"3358be94\" data-element_type=\"column\" data-e-type=\"column\">\n\t\t\t<div class=\"elementor-widget-wrap elementor-element-populated\">\n\t\t\t\t\t\t<div class=\"elementor-element elementor-element-43802af6 elementor-invisible elementor-widget elementor-widget-heading\" data-id=\"43802af6\" data-element_type=\"widget\" data-e-type=\"widget\" data-settings=\"{&quot;_animation&quot;:&quot;fadeInUp&quot;,&quot;_animation_delay&quot;:200}\" data-widget_type=\"heading.default\">\n\t\t\t\t<div class=\"elementor-widget-container\">\n\t\t\t\t\t<h2 class=\"elementor-heading-title elementor-size-default\">MANAGEMENT EINES LIEFERANTENENTZES<\/h2>\t\t\t\t<\/div>\n\t\t\t\t<\/div>\n\t\t\t\t<div class=\"elementor-element elementor-element-8fe611a elementor-widget-divider--view-line_icon elementor-view-default elementor-widget-divider--element-align-center elementor-widget elementor-widget-divider\" data-id=\"8fe611a\" data-element_type=\"widget\" data-e-type=\"widget\" data-widget_type=\"divider.default\">\n\t\t\t\t<div class=\"elementor-widget-container\">\n\t\t\t\t\t\t\t<div class=\"elementor-divider\">\n\t\t\t<span class=\"elementor-divider-separator\">\n\t\t\t\t\t\t\t<div class=\"elementor-icon elementor-divider__element\">\n\t\t\t\t\t<i aria-hidden=\"true\" class=\"fas fa-water\"><\/i><\/div>\n\t\t\t\t\t\t<\/span>\n\t\t<\/div>\n\t\t\t\t\t\t<\/div>\n\t\t\t\t<\/div>\n\t\t\t\t<div class=\"elementor-element elementor-element-26eafba9 elementor-widget elementor-widget-text-editor\" data-id=\"26eafba9\" data-element_type=\"widget\" data-e-type=\"widget\" data-widget_type=\"text-editor.default\">\n\t\t\t\t<div class=\"elementor-widget-container\">\n\t\t\t\t\t\t\t\t\t<p>Durch unser weites Netz von zertifizierten Lieferanten, bieten wir unseren Kunden einen kompletten Service an, der von der Rohmaterialakquisition und Lagerung bei Bedarf, darauffolgender Bearbeitung und Behandlung, bis hin zur Organisation von Lieferungen weltweit reicht.<\/p>\n\t\t\t\t\t\t\t\t<\/div>\n\t\t\t\t<\/div>\n\t\t\t\t\t<\/div>\n\t\t<\/div>\n\t\t\t\t\t<\/div>\n\t\t<\/section>\n\t\t\t\t<section class=\"elementor-section elementor-top-section elementor-element elementor-element-55ffea0 elementor-section-boxed elementor-section-height-default elementor-section-height-default\" data-id=\"55ffea0\" data-element_type=\"section\" data-e-type=\"section\" data-settings=\"{&quot;background_background&quot;:&quot;classic&quot;}\">\n\t\t\t\t\t\t<div class=\"elementor-container elementor-column-gap-default\">\n\t\t\t\t\t<div class=\"elementor-column elementor-col-100 elementor-top-column elementor-element elementor-element-9d79b22\" data-id=\"9d79b22\" data-element_type=\"column\" data-e-type=\"column\">\n\t\t\t<div class=\"elementor-widget-wrap elementor-element-populated\">\n\t\t\t\t\t\t<div class=\"elementor-element elementor-element-b10854f elementor-invisible elementor-widget elementor-widget-heading\" data-id=\"b10854f\" data-element_type=\"widget\" data-e-type=\"widget\" data-settings=\"{&quot;_animation&quot;:&quot;fadeInUp&quot;,&quot;_animation_delay&quot;:200}\" data-widget_type=\"heading.default\">\n\t\t\t\t<div class=\"elementor-widget-container\">\n\t\t\t\t\t<h2 class=\"elementor-heading-title elementor-size-default\">ROHSTOFF ERWERB<\/h2>\t\t\t\t<\/div>\n\t\t\t\t<\/div>\n\t\t\t\t<div class=\"elementor-element elementor-element-3c6fa62 elementor-widget-divider--view-line_icon elementor-view-default elementor-widget-divider--element-align-center elementor-widget elementor-widget-divider\" data-id=\"3c6fa62\" data-element_type=\"widget\" data-e-type=\"widget\" data-widget_type=\"divider.default\">\n\t\t\t\t<div class=\"elementor-widget-container\">\n\t\t\t\t\t\t\t<div class=\"elementor-divider\">\n\t\t\t<span class=\"elementor-divider-separator\">\n\t\t\t\t\t\t\t<div class=\"elementor-icon elementor-divider__element\">\n\t\t\t\t\t<i aria-hidden=\"true\" class=\"fas fa-water\"><\/i><\/div>\n\t\t\t\t\t\t<\/span>\n\t\t<\/div>\n\t\t\t\t\t\t<\/div>\n\t\t\t\t<\/div>\n\t\t\t\t<div class=\"elementor-element elementor-element-0c70a50 elementor-widget elementor-widget-text-editor\" data-id=\"0c70a50\" data-element_type=\"widget\" data-e-type=\"widget\" data-widget_type=\"text-editor.default\">\n\t\t\t\t<div class=\"elementor-widget-container\">\n\t\t\t\t\t\t\t\t\t<div id=\"acquisizione\" class=\"vc_row wpb_row ps2id vc_custom_1487059081592 vc_row-has-fill\">\n<div class=\"container\">\n<div class=\"row vc_row\">\n<div class=\"wpb_column vc_column_container vc_col-sm-12\">\n<div class=\"vc_column-inner \">\n<div class=\"wpb_wrapper\">\n<div class=\"wpb_text_column wpb_content_element \">\n<div class=\"wpb_wrapper\">\n<p>RESL Sagl ist in der Lage eine grosse Auswahl am Rohmaterial zu liefern. Wir haben verschiedene Materialien verschiedener Gr\u00f6ssen am Lager, um der wachsenden Anfrage von Expresslieferungen zu befriedigen. Insbesondere St12T und St T17\/13W.<\/p>\n<p>Nachstehend sind die Arten von Materialien aufgef\u00fchrt, die wir liefern k\u00f6nnen.<\/p>\n<ul>\n<li>Guss<\/li>\n<li>Schmiederohlinge<\/li>\n<li>Bleche <\/li>\n<li>Schweisskonstruktionen <\/li>\n<li>Stangenmaterial<\/li>\n<\/ul>\n<\/div>\n<\/div>\n<\/div>\n<\/div>\n<\/div>\n<\/div>\n<\/div>\n<\/div>\n\t\t\t\t\t\t\t\t<\/div>\n\t\t\t\t<\/div>\n\t\t\t\t\t<\/div>\n\t\t<\/div>\n\t\t\t\t\t<\/div>\n\t\t<\/section>\n\t\t\t\t<section class=\"elementor-section elementor-top-section elementor-element elementor-element-5a79b4e elementor-section-boxed elementor-section-height-default elementor-section-height-default\" data-id=\"5a79b4e\" data-element_type=\"section\" data-e-type=\"section\" data-settings=\"{&quot;background_background&quot;:&quot;classic&quot;}\">\n\t\t\t\t\t\t<div class=\"elementor-container elementor-column-gap-default\">\n\t\t\t\t\t<div class=\"elementor-column elementor-col-100 elementor-top-column elementor-element elementor-element-d8a693b\" data-id=\"d8a693b\" data-element_type=\"column\" data-e-type=\"column\">\n\t\t\t<div class=\"elementor-widget-wrap elementor-element-populated\">\n\t\t\t\t\t\t<div class=\"elementor-element elementor-element-72362be elementor-invisible elementor-widget elementor-widget-heading\" data-id=\"72362be\" data-element_type=\"widget\" data-e-type=\"widget\" data-settings=\"{&quot;_animation&quot;:&quot;fadeInUp&quot;,&quot;_animation_delay&quot;:200}\" data-widget_type=\"heading.default\">\n\t\t\t\t<div class=\"elementor-widget-container\">\n\t\t\t\t\t<h2 class=\"elementor-heading-title elementor-size-default\">VERARBEITUNG ROHMATERIAL\n<\/h2>\t\t\t\t<\/div>\n\t\t\t\t<\/div>\n\t\t\t\t<div class=\"elementor-element elementor-element-599d95b elementor-widget-divider--view-line_icon elementor-view-default elementor-widget-divider--element-align-center elementor-widget elementor-widget-divider\" data-id=\"599d95b\" data-element_type=\"widget\" data-e-type=\"widget\" data-widget_type=\"divider.default\">\n\t\t\t\t<div class=\"elementor-widget-container\">\n\t\t\t\t\t\t\t<div class=\"elementor-divider\">\n\t\t\t<span class=\"elementor-divider-separator\">\n\t\t\t\t\t\t\t<div class=\"elementor-icon elementor-divider__element\">\n\t\t\t\t\t<i aria-hidden=\"true\" class=\"fas fa-water\"><\/i><\/div>\n\t\t\t\t\t\t<\/span>\n\t\t<\/div>\n\t\t\t\t\t\t<\/div>\n\t\t\t\t<\/div>\n\t\t\t\t<div class=\"elementor-element elementor-element-9eaf132 elementor-widget elementor-widget-text-editor\" data-id=\"9eaf132\" data-element_type=\"widget\" data-e-type=\"widget\" data-widget_type=\"text-editor.default\">\n\t\t\t\t<div class=\"elementor-widget-container\">\n\t\t\t\t\t\t\t\t\t<div id=\"acquisizione\" class=\"vc_row wpb_row ps2id vc_custom_1487059081592 vc_row-has-fill\">\n<div class=\"container\">\n<div class=\"row vc_row\">\n<div class=\"wpb_column vc_column_container vc_col-sm-12\">\n<div class=\"vc_column-inner \">\n<div class=\"wpb_wrapper\">\n<div class=\"wpb_text_column wpb_content_element \">\n<div class=\"wpb_wrapper\">\n<p>RESL Sagl bietet verschiedene Verfahren f\u00fcr die Umformung von Rohmaterial an.<\/p>\n<ul>\n<li>Kalandrieren<\/li>\n<li>Laserschneiden<\/li>\n<li>Wasserstrahlschneiden<\/li>\n<li>Biegen<\/li>\n<\/ul>\n<p class=\"MsoListParagraphCxSpLast\" style=\"text-indent: -18.0pt; mso-list: l0 level1 lfo1;\">\n<\/div>\n<\/div>\n<\/div>\n<\/div>\n<\/div>\n<\/div>\n<\/div>\n<\/div>\n\t\t\t\t\t\t\t\t<\/div>\n\t\t\t\t<\/div>\n\t\t\t\t\t<\/div>\n\t\t<\/div>\n\t\t\t\t\t<\/div>\n\t\t<\/section>\n\t\t\t\t<section class=\"elementor-section elementor-top-section elementor-element elementor-element-b5710c7 elementor-section-boxed elementor-section-height-default elementor-section-height-default\" data-id=\"b5710c7\" data-element_type=\"section\" data-e-type=\"section\" data-settings=\"{&quot;background_background&quot;:&quot;classic&quot;}\">\n\t\t\t\t\t\t<div class=\"elementor-container elementor-column-gap-default\">\n\t\t\t\t\t<div class=\"elementor-column elementor-col-100 elementor-top-column elementor-element elementor-element-7254c4f\" data-id=\"7254c4f\" data-element_type=\"column\" data-e-type=\"column\">\n\t\t\t<div class=\"elementor-widget-wrap elementor-element-populated\">\n\t\t\t\t\t\t<div class=\"elementor-element elementor-element-796f037 elementor-invisible elementor-widget elementor-widget-heading\" data-id=\"796f037\" data-element_type=\"widget\" data-e-type=\"widget\" data-settings=\"{&quot;_animation&quot;:&quot;fadeInUp&quot;,&quot;_animation_delay&quot;:200}\" data-widget_type=\"heading.default\">\n\t\t\t\t<div class=\"elementor-widget-container\">\n\t\t\t\t\t<h2 class=\"elementor-heading-title elementor-size-default\">MECHANISCHE VERARBEITUNGEN\n<\/h2>\t\t\t\t<\/div>\n\t\t\t\t<\/div>\n\t\t\t\t<div class=\"elementor-element elementor-element-cbc97b8 elementor-widget-divider--view-line_icon elementor-view-default elementor-widget-divider--element-align-center elementor-widget elementor-widget-divider\" data-id=\"cbc97b8\" data-element_type=\"widget\" data-e-type=\"widget\" data-widget_type=\"divider.default\">\n\t\t\t\t<div class=\"elementor-widget-container\">\n\t\t\t\t\t\t\t<div class=\"elementor-divider\">\n\t\t\t<span class=\"elementor-divider-separator\">\n\t\t\t\t\t\t\t<div class=\"elementor-icon elementor-divider__element\">\n\t\t\t\t\t<i aria-hidden=\"true\" class=\"fas fa-water\"><\/i><\/div>\n\t\t\t\t\t\t<\/span>\n\t\t<\/div>\n\t\t\t\t\t\t<\/div>\n\t\t\t\t<\/div>\n\t\t\t\t<div class=\"elementor-element elementor-element-ae4f383 elementor-widget elementor-widget-text-editor\" data-id=\"ae4f383\" data-element_type=\"widget\" data-e-type=\"widget\" data-widget_type=\"text-editor.default\">\n\t\t\t\t<div class=\"elementor-widget-container\">\n\t\t\t\t\t\t\t\t\t<p>Resl Sagl bietet verschiedene Bearbeitungen an, je nach den Bed\u00fcrfnissen des Kunden und der Wichtigkeit der Arbeit.<\/p>\n<ul>\n<li>Spanabhebende Bearbeitung<\/li>\n<li>Bohrwerkarbeiten<\/li>\n<li>Fr\u00e4sen<\/li>\n<li>Drehen<\/li>\n<li>Schleifen<\/li>\n<li>Elektroerosion<\/li>\n<li>Tiefbohren<\/li>\n<\/ul>\n\t\t\t\t\t\t\t\t<\/div>\n\t\t\t\t<\/div>\n\t\t\t\t\t<\/div>\n\t\t<\/div>\n\t\t\t\t\t<\/div>\n\t\t<\/section>\n\t\t\t\t<section class=\"elementor-section elementor-top-section elementor-element elementor-element-d3f1d03 elementor-section-boxed elementor-section-height-default elementor-section-height-default\" data-id=\"d3f1d03\" data-element_type=\"section\" data-e-type=\"section\">\n\t\t\t\t\t\t<div class=\"elementor-container elementor-column-gap-default\">\n\t\t\t\t\t<div class=\"elementor-column elementor-col-100 elementor-top-column elementor-element elementor-element-b4797a6\" data-id=\"b4797a6\" data-element_type=\"column\" data-e-type=\"column\">\n\t\t\t<div class=\"elementor-widget-wrap elementor-element-populated\">\n\t\t\t\t\t\t<div class=\"elementor-element elementor-element-c35d054 elementor-invisible elementor-widget elementor-widget-heading\" data-id=\"c35d054\" data-element_type=\"widget\" data-e-type=\"widget\" data-settings=\"{&quot;_animation&quot;:&quot;fadeInUp&quot;,&quot;_animation_delay&quot;:200}\" data-widget_type=\"heading.default\">\n\t\t\t\t<div class=\"elementor-widget-container\">\n\t\t\t\t\t<h2 class=\"elementor-heading-title elementor-size-default\">BESCHICHTUNG UND LACKIERUNG\n<\/h2>\t\t\t\t<\/div>\n\t\t\t\t<\/div>\n\t\t\t\t<div class=\"elementor-element elementor-element-ea25133 elementor-widget-divider--view-line_icon elementor-view-default elementor-widget-divider--element-align-center elementor-widget elementor-widget-divider\" data-id=\"ea25133\" data-element_type=\"widget\" data-e-type=\"widget\" data-widget_type=\"divider.default\">\n\t\t\t\t<div class=\"elementor-widget-container\">\n\t\t\t\t\t\t\t<div class=\"elementor-divider\">\n\t\t\t<span class=\"elementor-divider-separator\">\n\t\t\t\t\t\t\t<div class=\"elementor-icon elementor-divider__element\">\n\t\t\t\t\t<i aria-hidden=\"true\" class=\"fas fa-water\"><\/i><\/div>\n\t\t\t\t\t\t<\/span>\n\t\t<\/div>\n\t\t\t\t\t\t<\/div>\n\t\t\t\t<\/div>\n\t\t\t\t<div class=\"elementor-element elementor-element-66c4169 elementor-widget elementor-widget-text-editor\" data-id=\"66c4169\" data-element_type=\"widget\" data-e-type=\"widget\" data-widget_type=\"text-editor.default\">\n\t\t\t\t<div class=\"elementor-widget-container\">\n\t\t\t\t\t\t\t\t\t<div id=\"acquisizione\" class=\"vc_row wpb_row ps2id vc_custom_1487059081592 vc_row-has-fill\">\n<div class=\"container\">\n<div class=\"row vc_row\">\n<div class=\"wpb_column vc_column_container vc_col-sm-12\">\n<div class=\"vc_column-inner \">\n<div class=\"wpb_wrapper\">\n<div class=\"wpb_text_column wpb_content_element \">\n<div class=\"wpb_wrapper\">\n<p>Wir bieten eine weite Palette an Oberfl\u00e4chenbehandlungen an, von Beschichtungen bis hin zu Lackierungen, um eine Langzeitqualit\u00e4t des Produktes zu garantieren.<\/p>\n<ul>\n<li>Beschichtungen mit Lichtbogenanlagen<\/li>\n<li>Elektrolytische B\u00e4der<\/li>\n<li>Flammspritzen<\/li>\n<li>HVOF<\/li>\n<li>Plasma APS<\/li>\n<\/ul>\n<\/div>\n<\/div>\n<\/div>\n<\/div>\n<\/div>\n<\/div>\n<\/div>\n<\/div>\n\t\t\t\t\t\t\t\t<\/div>\n\t\t\t\t<\/div>\n\t\t\t\t\t<\/div>\n\t\t<\/div>\n\t\t\t\t\t<\/div>\n\t\t<\/section>\n\t\t\t\t<section class=\"elementor-section elementor-top-section elementor-element elementor-element-7d384e3 elementor-section-boxed elementor-section-height-default elementor-section-height-default\" data-id=\"7d384e3\" data-element_type=\"section\" data-e-type=\"section\" data-settings=\"{&quot;background_background&quot;:&quot;classic&quot;}\">\n\t\t\t\t\t\t<div class=\"elementor-container elementor-column-gap-default\">\n\t\t\t\t\t<div class=\"elementor-column elementor-col-100 elementor-top-column elementor-element elementor-element-9a5fb91\" data-id=\"9a5fb91\" data-element_type=\"column\" data-e-type=\"column\">\n\t\t\t<div class=\"elementor-widget-wrap elementor-element-populated\">\n\t\t\t\t\t\t<div class=\"elementor-element elementor-element-b56d2ea elementor-invisible elementor-widget elementor-widget-heading\" data-id=\"b56d2ea\" data-element_type=\"widget\" data-e-type=\"widget\" data-settings=\"{&quot;_animation&quot;:&quot;fadeInUp&quot;,&quot;_animation_delay&quot;:200}\" data-widget_type=\"heading.default\">\n\t\t\t\t<div class=\"elementor-widget-container\">\n\t\t\t\t\t<h2 class=\"elementor-heading-title elementor-size-default\">SONSTIGE DIENSTLEISTUNGEN<\/h2>\t\t\t\t<\/div>\n\t\t\t\t<\/div>\n\t\t\t\t<div class=\"elementor-element elementor-element-18d17c6 elementor-widget-divider--view-line_icon elementor-view-default elementor-widget-divider--element-align-center elementor-widget elementor-widget-divider\" data-id=\"18d17c6\" data-element_type=\"widget\" data-e-type=\"widget\" data-widget_type=\"divider.default\">\n\t\t\t\t<div class=\"elementor-widget-container\">\n\t\t\t\t\t\t\t<div class=\"elementor-divider\">\n\t\t\t<span class=\"elementor-divider-separator\">\n\t\t\t\t\t\t\t<div class=\"elementor-icon elementor-divider__element\">\n\t\t\t\t\t<i aria-hidden=\"true\" class=\"fas fa-water\"><\/i><\/div>\n\t\t\t\t\t\t<\/span>\n\t\t<\/div>\n\t\t\t\t\t\t<\/div>\n\t\t\t\t<\/div>\n\t\t\t\t<div class=\"elementor-element elementor-element-2738391 elementor-widget elementor-widget-text-editor\" data-id=\"2738391\" data-element_type=\"widget\" data-e-type=\"widget\" data-widget_type=\"text-editor.default\">\n\t\t\t\t<div class=\"elementor-widget-container\">\n\t\t\t\t\t\t\t\t\t<div id=\"acquisizione\" class=\"vc_row wpb_row ps2id vc_custom_1487059081592 vc_row-has-fill\">\n<div class=\"container\">\n<div class=\"row vc_row\">\n<div class=\"wpb_column vc_column_container vc_col-sm-12\">\n<div class=\"vc_column-inner \">\n<div class=\"wpb_wrapper\">\n<div class=\"wpb_text_column wpb_content_element \">\n<div class=\"wpb_wrapper\">\n<div class=\"wpb_text_column wpb_content_element \">\n<div class=\"wpb_wrapper\">\n<p><strong>W\u00e4rmebehandlungen<\/strong><\/p>\n<p>Wir bieten eine weite Palette an W\u00e4rmebehandlungen an, um eine Langzeitqualit\u00e4t des Produktes zu garantieren.<\/p>\n<ul>\n<li>Diffusion<\/li>\n<li>Spannungsarm Gl\u00fchen<\/li>\n<li>H\u00e4rten<\/li>\n<li>Giessen<\/li>\n<\/ul>\n<p><strong>OBERFLAECHENBEHANDLUNGEN<\/strong><\/p>\n<p>Wir bieten eine weite Palette an Oberfl\u00e4chenbehandlungen an, um eine Langzeitqualit\u00e4t des Produktes zu garantieren..<\/p>\n<ul>\n<li>Gleitschleifen<\/li>\n<li>Kontrolliertes Kugelstrahlen<\/li>\n<\/ul>\n<p>(Durch das Kugelstrahlen werden k\u00fcnstlich Fehler (Fehlstellen) ins Atomgitter eingebracht, die eine Volumenvergr\u00f6\u00dferung und damit Druckeigenspannungen hervorrufen.))<\/p>\n<ul>\n<li>Anodisation<\/li>\n<\/ul>\n<p>(Elektrolytisches Verfahren zur Herstellung oder Verst\u00e4rkung von oxydischen Schichten auf Metallen. Dabei bildet sich ein festhaftendes Oxid und sch\u00fctzt damit Metalle gegen Korrosion)<\/p>\n<ul>\n<li>Passivierung<\/li>\n<\/ul>\n<p>(Chemisches Verfahren um eine gezielte Erzeugung einer Schutzschicht auf einem metallischem Werkstoff, welche die Korrosion des Grundwerkstoffes verhindert oder stark verlangsamt)<\/p>\n<ul>\n<li>Beizen<\/li>\n<\/ul>\n<p>(Das Beizen is ein An\u00e4tzen der Oberfl\u00e4che mit aggressiven Mitteln wie S\u00e4uren und Laugen, um aufgetragene Metallschichten zu entfernen oder um eine oxydfreie Oberfl\u00e4che zu erhalten.)<\/p>\n<ul>\n<li>Lasergravieren<\/li>\n<\/ul>\n<p><strong>Schwei\u00dfen<\/strong><\/p>\n<p>Wir sind in der Lage diverse Schweissverfahren auf Teilen von kleinen, mittelgrossen und grossen Dimensionen anzubieten.<\/p>\n<ul>\n<li>Unter Pulver Schweissverfahren<\/li>\n<li>Elektrodenschweissen<\/li>\n<li>MIG (Metall-Schutzgasschweissen)<\/li>\n<li>TIG-Schweissen (Wolfram-Inertgasschweissen)<\/li>\n<\/ul>\n<p><strong>High Performance Tuning (HPT)<\/strong><\/p>\n<p>Das HPT-Verfahren basiert auf das Prinzip des Vibrationsfinishing (Gleitschleifen). Die Teile erleiden einen mechanischen Abrieb durch die Schleifzus\u00e4tze, welche durch das Tr\u00e4germittel gegen die zu behandelnde Oberfl\u00e4che gerieben werden.<\/p>\n<p>Als Tr\u00e4germittel werden Kupferchips von pantentierter Form verwendet. Die Vibration erfolgt in einem gefederten Beh\u00e4lter, welcher durch einen Elektromotor ins Schwingen gebracht wird. Durch das HPT-Verfahren kann eine Oberfl\u00e4cheng\u00fcte bis Ra 0,05 \u00b5m erzielt werden.<\/p>\n<p>Das Hauptmerkmal des HPT-Verfahrens ist, dass dabei KEINE Chemikalien verwendet werden.<\/p>\n<\/p>\n<p><strong>Planung und Fortschrittskontrolle<\/strong><\/p>\n<p>Alle Arbeiten werden durch RESL zeitgeplant und die termingerechte Produktion kontrolliert. DIE Fortschrittskontrolle ist f\u00fcr unsere Kunden auf unserer Webseite ersichtlich.<\/p>\n<ul>\n<li>Ablaufplanung<\/li>\n<li>\u00dcberwachung der Produktionsfortschritte<\/li>\n<\/ul>\n<p><strong>Qualit\u00e4tssicherung<\/strong><\/p>\n<p>RESL Sagl garantiert durch eine gezielte Auswahl von Pr\u00fcfungen die Qualit\u00e4t seiner Produkte. Wir bieten auch die Produktabnahmen und die Durchf\u00fchrung von Qualit\u00e4tsaudits an..<\/p>\n<ul>\n<li>Lieferanten-Audit<\/li>\n<li>Abnahmen bei Unterlieferanten<\/li>\n<li>Erstellen von spezifischen Arbeits-und Liefervorschriften<\/li>\n<li>Pr\u00fcfpl\u00e4ne:\n<ul>\n<li> Masspr\u00fcfungen<\/li>\n<li> Spektralanalyse<\/li>\n<li> Magnetpulverpr\u00fcfung<\/li>\n<li> Farbeindringpr\u00fcfungen<\/li>\n<\/ul>\n<\/li>\n<\/ul>\n<p><strong>Konstrucktionen<\/strong><\/p>\n<p>RESL Sagl bietet auch das Engineering von Bauteilen nach Anforderungsliste des Kunden an. Wir stehen zur Verf\u00fcgung zur Besprechung von etwaigen Problemen und erarbeiten Vorschl\u00e4ge f\u00fcr die Probleml\u00f6sung.<\/p>\n<ul>\n<li>Erstellen von kundenspezifischen Dokumenten<\/li>\n<\/ul>\n<\/div>\n<p><strong>Verkauf von gebrauchten Turbomaschinen<\/strong><\/p>\n<div class=\"wpb_wrapper\">\n<p>RESL Sagl hat nebst der Produktion von mechanischen Bauteilen, besch\u00e4ftigen wir uns auch mit dem Verkauf von gebrauchten Turbomaschinen.<\/p>\n<ul>\n<li>Gasturbinen<\/li>\n<li>Dampfturbinen<\/li>\n<li>Turboverdichter<\/li>\n<\/ul>\n<p>Es gibt viele Turbomaschinen auf dem Markt, die abgeschaltet werden und sind nun verf\u00fcgbar f\u00fcr die Weiterverwendung an einem anderen Ort. Viele davon haben nur wenige Betriebsstunden absolviert sind noch in sehr gutem Zustand.<\/p>\n<p>Der Einsatz von gebrauchten Turbomaschinen hat zwei wesentliche Vorteile f\u00fcr den Kunden:<\/p>\n<ul>\n<li>\u2022 Kostenersparnis; Eine gebrauchte und instandgesetzte Turbomaschine kosten weniger als die H\u00e4lfte einer neuen Einheit. Dies heisst, dass der Kauf einer gebrauchten Turbomaschine wenig auf der Bilanz der Anlage lastet.<\/li>\n<li>Kurze Lieferzeit; Gebrauchte Turbomaschinen haben eine kurze relativ Lieferzeit. Dadurch ergeben sich k\u00fcrzere Zeiten f\u00fcr die Errichtung einer Anlage.<\/li>\n<\/ul>\n<p>Gebrauchte Turbomaschinen k\u00f6nnen auch als \u201eErsatzteillager\u201c f\u00fcr bestehende Maschinen dienen.<\/p>\n<\/div>\n<\/div>\n<\/div>\n<\/div>\n<\/div>\n<\/div>\n<\/div>\n<\/div>\n<\/div>\n<\/div>\n\t\t\t\t\t\t\t\t<\/div>\n\t\t\t\t<\/div>\n\t\t\t\t\t<\/div>\n\t\t<\/div>\n\t\t\t\t\t<\/div>\n\t\t<\/section>\n\t\t\t\t<\/div>\n\t\t","protected":false},"excerpt":{"rendered":"<p>Dienstleistungen MANAGEMENT EINES LIEFERANTENENTZES Durch unser weites Netz von zertifizierten Lieferanten, bieten wir unseren Kunden einen kompletten Service an, der von der Rohmaterialakquisition und Lagerung bei Bedarf, darauffolgender Bearbeitung und Behandlung, bis hin zur Organisation von Lieferungen weltweit reicht. ROHSTOFF ERWERB RESL Sagl ist in der Lage eine grosse Auswahl am Rohmaterial zu liefern. Wir [&hellip;]<\/p>\n","protected":false},"author":3,"featured_media":0,"parent":0,"menu_order":0,"comment_status":"closed","ping_status":"closed","template":"elementor_header_footer","meta":{"_seopress_robots_primary_cat":"","_seopress_titles_title":"","_seopress_titles_desc":"","_seopress_robots_index":"","footnotes":""},"class_list":["post-1538","page","type-page","status-publish","hentry"],"_links":{"self":[{"href":"https:\/\/resl.ch\/de\/wp-json\/wp\/v2\/pages\/1538","targetHints":{"allow":["GET"]}}],"collection":[{"href":"https:\/\/resl.ch\/de\/wp-json\/wp\/v2\/pages"}],"about":[{"href":"https:\/\/resl.ch\/de\/wp-json\/wp\/v2\/types\/page"}],"author":[{"embeddable":true,"href":"https:\/\/resl.ch\/de\/wp-json\/wp\/v2\/users\/3"}],"replies":[{"embeddable":true,"href":"https:\/\/resl.ch\/de\/wp-json\/wp\/v2\/comments?post=1538"}],"version-history":[{"count":0,"href":"https:\/\/resl.ch\/de\/wp-json\/wp\/v2\/pages\/1538\/revisions"}],"wp:attachment":[{"href":"https:\/\/resl.ch\/de\/wp-json\/wp\/v2\/media?parent=1538"}],"curies":[{"name":"wp","href":"https:\/\/api.w.org\/{rel}","templated":true}]}}