{"id":1620,"date":"2023-03-09T16:03:23","date_gmt":"2023-03-09T15:03:23","guid":{"rendered":"https:\/\/resl.ch\/wer-wir-sind\/"},"modified":"2023-03-21T15:54:35","modified_gmt":"2023-03-21T14:54:35","slug":"wer-wir-sind","status":"publish","type":"page","link":"https:\/\/resl.ch\/de\/wer-wir-sind\/","title":{"rendered":"Wer wir sind"},"content":{"rendered":"\t\t<div data-elementor-type=\"wp-page\" data-elementor-id=\"1620\" class=\"elementor elementor-1620 elementor-83\" data-elementor-post-type=\"page\">\n\t\t\t\t\t\t<section class=\"elementor-section elementor-top-section elementor-element elementor-element-bf88f90 elementor-section-boxed elementor-section-height-default elementor-section-height-default\" data-id=\"bf88f90\" data-element_type=\"section\" data-e-type=\"section\" data-settings=\"{&quot;background_background&quot;:&quot;classic&quot;}\">\n\t\t\t\t\t\t<div class=\"elementor-container elementor-column-gap-default\">\n\t\t\t\t\t<div class=\"elementor-column elementor-col-100 elementor-top-column elementor-element elementor-element-720a425\" data-id=\"720a425\" data-element_type=\"column\" data-e-type=\"column\">\n\t\t\t<div class=\"elementor-widget-wrap elementor-element-populated\">\n\t\t\t\t\t\t<div class=\"elementor-element elementor-element-274d40b3 elementor-headline--style-highlight elementor-widget elementor-widget-animated-headline\" data-id=\"274d40b3\" data-element_type=\"widget\" data-e-type=\"widget\" data-settings=\"{&quot;marker&quot;:&quot;underline&quot;,&quot;highlighted_text&quot;:&quot;Wir sind&quot;,&quot;headline_style&quot;:&quot;highlight&quot;,&quot;loop&quot;:&quot;yes&quot;,&quot;highlight_animation_duration&quot;:1200,&quot;highlight_iteration_delay&quot;:8000}\" data-widget_type=\"animated-headline.default\">\n\t\t\t\t<div class=\"elementor-widget-container\">\n\t\t\t\t\t\t\t<h1 class=\"elementor-headline\">\n\t\t\t\t\t<span class=\"elementor-headline-plain-text elementor-headline-text-wrapper\">Wer<\/span>\n\t\t\t\t<span class=\"elementor-headline-dynamic-wrapper elementor-headline-text-wrapper\">\n\t\t\t\t\t<span class=\"elementor-headline-dynamic-text elementor-headline-text-active\">Wir sind<\/span>\n\t\t\t\t<\/span>\n\t\t\t\t<\/h1>\n\t\t\t\t\t\t<\/div>\n\t\t\t\t<\/div>\n\t\t\t\t\t<\/div>\n\t\t<\/div>\n\t\t\t\t\t<\/div>\n\t\t<\/section>\n\t\t\t\t<section class=\"elementor-section elementor-top-section elementor-element elementor-element-5de83c27 elementor-section-boxed elementor-section-height-default elementor-section-height-default\" data-id=\"5de83c27\" data-element_type=\"section\" data-e-type=\"section\">\n\t\t\t\t\t\t<div class=\"elementor-container elementor-column-gap-default\">\n\t\t\t\t\t<div class=\"elementor-column elementor-col-50 elementor-top-column elementor-element elementor-element-a433b46\" data-id=\"a433b46\" data-element_type=\"column\" data-e-type=\"column\">\n\t\t\t<div class=\"elementor-widget-wrap elementor-element-populated\">\n\t\t\t\t\t\t<div class=\"elementor-element elementor-element-29612f14 elementor-invisible elementor-widget elementor-widget-image\" data-id=\"29612f14\" data-element_type=\"widget\" data-e-type=\"widget\" data-settings=\"{&quot;_animation&quot;:&quot;zoomIn&quot;,&quot;_animation_delay&quot;:200}\" data-widget_type=\"image.default\">\n\t\t\t\t<div class=\"elementor-widget-container\">\n\t\t\t\t\t\t\t\t\t\t\t\t\t\t\t<img decoding=\"async\" data-src=\"https:\/\/resl.ch\/wp-content\/uploads\/elementor\/thumbs\/startup-team-working-in-a-coworking-space-1-q39l3vpnozgw3yc7812sc006nsz23s8kgvxd00ehqw.jpg\" title=\"startup-team-working-in-a-coworking-space-1.jpg\" alt=\"startup-team-working-in-a-coworking-space-1.jpg\" src=\"data:image\/svg+xml;base64,PHN2ZyB3aWR0aD0iMSIgaGVpZ2h0PSIxIiB4bWxucz0iaHR0cDovL3d3dy53My5vcmcvMjAwMC9zdmciPjwvc3ZnPg==\" class=\"lazyload\" style=\"--smush-placeholder-width: 600px; --smush-placeholder-aspect-ratio: 600\/700;\" \/>\t\t\t\t\t\t\t\t\t\t\t\t\t\t\t<\/div>\n\t\t\t\t<\/div>\n\t\t\t\t\t<\/div>\n\t\t<\/div>\n\t\t\t\t<div class=\"elementor-column elementor-col-50 elementor-top-column elementor-element elementor-element-13da136c\" data-id=\"13da136c\" data-element_type=\"column\" data-e-type=\"column\">\n\t\t\t<div class=\"elementor-widget-wrap elementor-element-populated\">\n\t\t\t\t\t\t<div class=\"elementor-element elementor-element-2119ded6 elementor-widget elementor-widget-text-editor\" data-id=\"2119ded6\" data-element_type=\"widget\" data-e-type=\"widget\" data-widget_type=\"text-editor.default\">\n\t\t\t\t<div class=\"elementor-widget-container\">\n\t\t\t\t\t\t\t\t\t<p><strong>RESL Sagl<\/strong> ist seit 1993 im Elektrizit\u00e4tssektor t\u00e4tig und hat sich auf die Herstellung von mechanischen Teilen f\u00fcr Turbomaschinen spezialisiert.<\/p>\n<p>Sie befasst sich insbesondere mit Stromerzeugungsanlagen:<\/p>\n<p>&#8211; Thermische Kraftwerke;<\/p>\n<p>&#8211; Wasserkraftwerke;<\/p>\n<p>&#8211; Geothermische Kraftwerke;<\/p>\n<p>&#8211; Kernkraftwerke.<\/p>\n<p>Ein Teil unseres Gesch\u00e4fts ist die Herstellung von Dampf- und Gasturbinenschaufeln; in den letzten Jahren haben sich unsere Aktivit\u00e4ten sowohl auf den Service als auch auf die Lieferung von Ersatzteilen f\u00fcr neue Maschinen in Zusammenarbeit mit Original-Turbomaschinenherstellern wie Alstom Power Services, Elliott Ebara Group, Enel Green Power, Franke, Kissling AG, GE Power, MAN Diesel &amp; Turbo, Siemens AG Power Generation, VA Tech Hydro konzentriert.<\/p>\n\t\t\t\t\t\t\t\t<\/div>\n\t\t\t\t<\/div>\n\t\t\t\t<div class=\"elementor-element elementor-element-6d730088 elementor-widget-divider--view-line elementor-widget elementor-widget-divider\" data-id=\"6d730088\" data-element_type=\"widget\" data-e-type=\"widget\" data-widget_type=\"divider.default\">\n\t\t\t\t<div class=\"elementor-widget-container\">\n\t\t\t\t\t\t\t<div class=\"elementor-divider\">\n\t\t\t<span class=\"elementor-divider-separator\">\n\t\t\t\t\t\t<\/span>\n\t\t<\/div>\n\t\t\t\t\t\t<\/div>\n\t\t\t\t<\/div>\n\t\t\t\t<div class=\"elementor-element elementor-element-74e6457 elementor-widget elementor-widget-button\" data-id=\"74e6457\" data-element_type=\"widget\" data-e-type=\"widget\" data-widget_type=\"button.default\">\n\t\t\t\t<div class=\"elementor-widget-container\">\n\t\t\t\t\t\t\t\t\t<div class=\"elementor-button-wrapper\">\n\t\t\t\t\t<a class=\"elementor-button elementor-button-link elementor-size-sm elementor-animation-float\" href=\"https:\/\/resl.ch\/de\/kontakt\/\">\n\t\t\t\t\t\t<span class=\"elementor-button-content-wrapper\">\n\t\t\t\t\t\t\t\t\t<span class=\"elementor-button-text\">Kontakt<\/span>\n\t\t\t\t\t<\/span>\n\t\t\t\t\t<\/a>\n\t\t\t\t<\/div>\n\t\t\t\t\t\t\t\t<\/div>\n\t\t\t\t<\/div>\n\t\t\t\t\t<\/div>\n\t\t<\/div>\n\t\t\t\t\t<\/div>\n\t\t<\/section>\n\t\t\t\t<section class=\"elementor-section elementor-top-section elementor-element elementor-element-82ec06b elementor-section-boxed elementor-section-height-default elementor-section-height-default\" data-id=\"82ec06b\" data-element_type=\"section\" data-e-type=\"section\">\n\t\t\t\t\t\t<div class=\"elementor-container elementor-column-gap-default\">\n\t\t\t\t\t<div class=\"elementor-column elementor-col-50 elementor-top-column elementor-element elementor-element-bbd0641\" data-id=\"bbd0641\" data-element_type=\"column\" data-e-type=\"column\">\n\t\t\t<div class=\"elementor-widget-wrap elementor-element-populated\">\n\t\t\t\t\t\t<div class=\"elementor-element elementor-element-c0f86cb elementor-widget elementor-widget-text-editor\" data-id=\"c0f86cb\" data-element_type=\"widget\" data-e-type=\"widget\" data-widget_type=\"text-editor.default\">\n\t\t\t\t<div class=\"elementor-widget-container\">\n\t\t\t\t\t\t\t\t\t<p>Dank unserer organisatorischen Flexibilit\u00e4t sind wir in der Lage, Folgendes anzubieten:<\/p>\n<p>&#8211; Ersatzteile f\u00fcr kleine, mittlere und gro\u00dfe Turbinen;<\/p>\n<p>&#8211; Ersatzteile f\u00fcr andere Turbomaschinen;<\/p>\n<\/p>\n<p>Wir beantworten Anfragen nach Angeboten f\u00fcr alle Arten von Turboteilen von Originalherstellern (OEMs). Wir unterst\u00fctzen sowohl Kunden als auch Lieferanten in den verschiedenen Phasen des Arbeitsprozesses, indem wir technische\/sprachliche Unterst\u00fctzung, Qualit\u00e4tsmanagement, \u00dcberpr\u00fcfung der Dokumentation, Werkst\u00fccklogistik, \u00dcberwachung der Lieferfristen und Verwaltung der Zollvorg\u00e4nge anbieten.<\/p>\n<\/p>\n<p>Wir sind st\u00e4ndig auf der Suche nach neuen Fertigungstechnologien, um der Nachfrage gerecht zu werden und die Produktionskosten zu senken.<\/p>\n<\/p>\n<p>Da die Nachfrage nach Turbomaschinen, insbesondere nach Schaufeln, gestiegen ist, haben alle unsere gro\u00dfen Zulieferer ihre Produktionskapazit\u00e4ten erh\u00f6ht, indem sie ihren bereits gut ausgestatteten Maschinenpark um Bearbeitungszentren der neuesten Generation erweitert haben. Wir unterst\u00fctzen auch aktiv spezialisierte Lieferanten beim Polieren von Bl\u00e4ttern f\u00fcr Verdichter- und Turbinenschaufeln.<\/p>\n\t\t\t\t\t\t\t\t<\/div>\n\t\t\t\t<\/div>\n\t\t\t\t<div class=\"elementor-element elementor-element-eaa59f3 elementor-widget-divider--view-line elementor-widget elementor-widget-divider\" data-id=\"eaa59f3\" data-element_type=\"widget\" data-e-type=\"widget\" data-widget_type=\"divider.default\">\n\t\t\t\t<div class=\"elementor-widget-container\">\n\t\t\t\t\t\t\t<div class=\"elementor-divider\">\n\t\t\t<span class=\"elementor-divider-separator\">\n\t\t\t\t\t\t<\/span>\n\t\t<\/div>\n\t\t\t\t\t\t<\/div>\n\t\t\t\t<\/div>\n\t\t\t\t\t<\/div>\n\t\t<\/div>\n\t\t\t\t<div class=\"elementor-column elementor-col-50 elementor-top-column elementor-element elementor-element-41af228\" data-id=\"41af228\" data-element_type=\"column\" data-e-type=\"column\">\n\t\t\t<div class=\"elementor-widget-wrap elementor-element-populated\">\n\t\t\t\t\t\t<div class=\"elementor-element elementor-element-894372c elementor-invisible elementor-widget elementor-widget-image\" data-id=\"894372c\" data-element_type=\"widget\" data-e-type=\"widget\" data-settings=\"{&quot;_animation&quot;:&quot;zoomIn&quot;,&quot;_animation_delay&quot;:200}\" data-widget_type=\"image.default\">\n\t\t\t\t<div class=\"elementor-widget-container\">\n\t\t\t\t\t\t\t\t\t\t\t\t\t\t\t<img decoding=\"async\" data-src=\"https:\/\/resl.ch\/wp-content\/uploads\/elementor\/thumbs\/startup-team-working-in-a-coworking-space-1-q39l3vpnozgw3yc7812sc006nsz23s8kgvxd00ehqw.jpg\" title=\"startup-team-working-in-a-coworking-space-1.jpg\" alt=\"startup-team-working-in-a-coworking-space-1.jpg\" src=\"data:image\/svg+xml;base64,PHN2ZyB3aWR0aD0iMSIgaGVpZ2h0PSIxIiB4bWxucz0iaHR0cDovL3d3dy53My5vcmcvMjAwMC9zdmciPjwvc3ZnPg==\" class=\"lazyload\" style=\"--smush-placeholder-width: 600px; --smush-placeholder-aspect-ratio: 600\/700;\" \/>\t\t\t\t\t\t\t\t\t\t\t\t\t\t\t<\/div>\n\t\t\t\t<\/div>\n\t\t\t\t\t<\/div>\n\t\t<\/div>\n\t\t\t\t\t<\/div>\n\t\t<\/section>\n\t\t\t\t<\/div>\n\t\t","protected":false},"excerpt":{"rendered":"<p>Wer Wir sind RESL Sagl ist seit 1993 im Elektrizit\u00e4tssektor t\u00e4tig und hat sich auf die Herstellung von mechanischen Teilen f\u00fcr Turbomaschinen spezialisiert. Sie befasst sich insbesondere mit Stromerzeugungsanlagen: &#8211; Thermische Kraftwerke; &#8211; Wasserkraftwerke; &#8211; Geothermische Kraftwerke; &#8211; Kernkraftwerke. Ein Teil unseres Gesch\u00e4fts ist die Herstellung von Dampf- und Gasturbinenschaufeln; in den letzten Jahren haben [&hellip;]<\/p>\n","protected":false},"author":3,"featured_media":0,"parent":0,"menu_order":0,"comment_status":"closed","ping_status":"closed","template":"elementor_header_footer","meta":{"_seopress_robots_primary_cat":"","_seopress_titles_title":"","_seopress_titles_desc":"","_seopress_robots_index":"","footnotes":""},"class_list":["post-1620","page","type-page","status-publish","hentry"],"_links":{"self":[{"href":"https:\/\/resl.ch\/de\/wp-json\/wp\/v2\/pages\/1620","targetHints":{"allow":["GET"]}}],"collection":[{"href":"https:\/\/resl.ch\/de\/wp-json\/wp\/v2\/pages"}],"about":[{"href":"https:\/\/resl.ch\/de\/wp-json\/wp\/v2\/types\/page"}],"author":[{"embeddable":true,"href":"https:\/\/resl.ch\/de\/wp-json\/wp\/v2\/users\/3"}],"replies":[{"embeddable":true,"href":"https:\/\/resl.ch\/de\/wp-json\/wp\/v2\/comments?post=1620"}],"version-history":[{"count":0,"href":"https:\/\/resl.ch\/de\/wp-json\/wp\/v2\/pages\/1620\/revisions"}],"wp:attachment":[{"href":"https:\/\/resl.ch\/de\/wp-json\/wp\/v2\/media?parent=1620"}],"curies":[{"name":"wp","href":"https:\/\/api.w.org\/{rel}","templated":true}]}}