{"id":7867,"date":"2023-05-25T23:01:53","date_gmt":"2023-05-25T21:01:53","guid":{"rendered":"https:\/\/resl.ch\/unternehmenspolitik-3\/"},"modified":"2023-06-01T09:12:07","modified_gmt":"2023-06-01T07:12:07","slug":"unternehmenspolitik-3","status":"publish","type":"page","link":"https:\/\/resl.ch\/de\/unternehmenspolitik-3\/","title":{"rendered":"Unternehmenspolitik"},"content":{"rendered":"\t\t<div data-elementor-type=\"wp-page\" data-elementor-id=\"7867\" class=\"elementor elementor-7867 elementor-7838\" data-elementor-post-type=\"page\">\n\t\t\t\t\t\t<section class=\"elementor-section elementor-top-section elementor-element elementor-element-e1f8487 elementor-section-boxed elementor-section-height-default elementor-section-height-default\" data-id=\"e1f8487\" data-element_type=\"section\" data-e-type=\"section\" data-settings=\"{&quot;background_background&quot;:&quot;classic&quot;}\">\n\t\t\t\t\t\t<div class=\"elementor-container elementor-column-gap-default\">\n\t\t\t\t\t<div class=\"elementor-column elementor-col-100 elementor-top-column elementor-element elementor-element-f60955a\" data-id=\"f60955a\" data-element_type=\"column\" data-e-type=\"column\">\n\t\t\t<div class=\"elementor-widget-wrap elementor-element-populated\">\n\t\t\t\t\t\t<div class=\"elementor-element elementor-element-5df4689 elementor-headline--style-highlight elementor-widget elementor-widget-animated-headline\" data-id=\"5df4689\" data-element_type=\"widget\" data-e-type=\"widget\" data-settings=\"{&quot;marker&quot;:&quot;underline&quot;,&quot;headline_style&quot;:&quot;highlight&quot;,&quot;loop&quot;:&quot;yes&quot;,&quot;highlight_animation_duration&quot;:1200,&quot;highlight_iteration_delay&quot;:8000}\" data-widget_type=\"animated-headline.default\">\n\t\t\t\t<div class=\"elementor-widget-container\">\n\t\t\t\t\t\t\t<h1 class=\"elementor-headline\">\n\t\t\t\t<span class=\"elementor-headline-dynamic-wrapper elementor-headline-text-wrapper\">\n\t\t\t\t<\/span>\n\t\t\t\t<\/h1>\n\t\t\t\t\t\t<\/div>\n\t\t\t\t<\/div>\n\t\t\t\t\t<\/div>\n\t\t<\/div>\n\t\t\t\t\t<\/div>\n\t\t<\/section>\n\t\t\t\t<section class=\"elementor-section elementor-top-section elementor-element elementor-element-9cc5258 elementor-section-boxed elementor-section-height-default elementor-section-height-default\" data-id=\"9cc5258\" data-element_type=\"section\" data-e-type=\"section\">\n\t\t\t\t\t\t<div class=\"elementor-container elementor-column-gap-default\">\n\t\t\t\t\t<div class=\"elementor-column elementor-col-100 elementor-top-column elementor-element elementor-element-2c9e2cf\" data-id=\"2c9e2cf\" data-element_type=\"column\" data-e-type=\"column\">\n\t\t\t<div class=\"elementor-widget-wrap elementor-element-populated\">\n\t\t\t\t\t\t<div class=\"elementor-element elementor-element-9d27585 elementor-widget__width-initial elementor-widget elementor-widget-text-editor\" data-id=\"9d27585\" data-element_type=\"widget\" data-e-type=\"widget\" data-widget_type=\"text-editor.default\">\n\t\t\t\t<div class=\"elementor-widget-container\">\n\t\t\t\t\t\t\t\t\t<div class=\"wpb_text_column wpb_content_element \">\n<div class=\"wpb_wrapper\"> <\/div>\n<\/div>\n<div class=\"wpb_text_column wpb_content_element \">\n<div class=\"wpb_wrapper\">\n<p><b>Unser Auftrag<\/b>:<\/p>\n<p>Mit der operativen T\u00e4tigkeit unseres Unternehmens entwickeln wir eine professionelle und zuverl\u00e4ssige Unterst\u00fctzung f\u00fcr eine \u00e4u\u00dferst anspruchsvolle Kundschaft, die auf den internationalen M\u00e4rkten t\u00e4tig ist und unsere spezialisierten, ma\u00dfgeschneiderten Dienstleistungen sucht und in Anspruch nimmt, um Spitzenleistungen im exekutiven und qualitativen Bereich unter voller Beachtung der Umwelt und der Regeln f\u00fcr die Gesundheit und Sicherheit der Arbeitnehmer am Arbeitsplatz zu erbringen.  <i>und<\/i> <i>auch durch eine angemessene Kontrolle ihrer kritischen Prozesse.<\/i><\/p>\n<\/p>\n<p><b>Unsere Vision<\/b>:<\/p>\n<p>Wir wollen von unseren Kunden als zuverl\u00e4ssiger und erstklassiger Partner f\u00fcr die Projektentwicklung und -ausf\u00fchrung in der Maschinenbauindustrie angesehen werden, die auf die Herstellung von Turbomaschinenteilen haupts\u00e4chlich in den Sektoren Energieerzeugung sowie \u00d6l und Gas ausgerichtet ist. Unsere Partner m\u00fcssen die Gewissheit haben, dass die unserem Unternehmen anvertrauten Dienstleistungen korrekt und professionell ausgef\u00fchrt werden und dass ihre (impliziten und expliziten) Anspr\u00fcche und Anforderungen einwandfrei erf\u00fcllt werden. Wir wollen unseren Qualit\u00e4tsstandard schrittweise anheben, und wir wollen, dass dieses zentrale Interesse in vollem Umfang mit unseren Betriebspartnern geteilt wird.<\/p>\n<\/p>\n<p><b>Grunds\u00e4tze:<\/b><\/p>\n<p>Produkte und Bauweisen stehen bei uns im Mittelpunkt und wir verpflichten uns zu einwandfreier, zertifizierter Qualit\u00e4t. Wir blicken st\u00e4ndig in die Zukunft, wobei wir eine starke Neigung zu Investitionen in technologische und verfahrenstechnische Innovationen sowie in alle eingesetzten Ressourcen beibehalten.  <\/p>\n<p>Die Ausbildung und ihre regelm\u00e4\u00dfige Bewertung m\u00fcssen st\u00e4ndig weiterentwickelt werden, um unsere Kunden bestm\u00f6glich zu beraten.<\/p>\n<p>Liebe zum Detail und Sorgfalt im Umgang mit Kunden, Outsourcern und Lieferanten im Allgemeinen.<\/p>\n<p>Werte wie Leidenschaft, Teamgeist, Zusammenarbeit, Enthusiasmus, Seriosit\u00e4t, gegenseitige Wertsch\u00e4tzung und eine st\u00e4ndige Weiterentwicklung der F\u00e4higkeiten des einzelnen Mitarbeiters sind die Grundlagen, auf denen wir uns profilieren.<\/p>\n<p>Die Qualit\u00e4t der uns anvertrauten Produkte und unser fundiertes Wissen \u00fcber Produktfragen und -probleme sichern die hohe Wettbewerbsf\u00e4higkeit unseres Unternehmens.<\/p>\n<p>Das gemeinsame Bewusstsein unserer Kunden f\u00fcr Umwelt- und Arbeitssicherheitsfragen zwingt uns, diesen Themen mehr Aufmerksamkeit zu widmen.<\/p>\n<p>Das Verst\u00e4ndnis des technischen und produktiven Prozesses unserer externen Partner, die st\u00e4ndige Weiterentwicklung dieses Prozesses, die Einf\u00fchrung neuer Technologien sowie regelm\u00e4\u00dfige Kontrollen, um das Hauptziel der Abfallfreiheit zu erreichen.<\/p>\n<\/p>\n<p><i>Global denken, lokal handeln.<\/i><\/p>\n<\/div>\n<\/div>\n\t\t\t\t\t\t\t\t<\/div>\n\t\t\t\t<\/div>\n\t\t\t\t\t<\/div>\n\t\t<\/div>\n\t\t\t\t\t<\/div>\n\t\t<\/section>\n\t\t\t\t<\/div>\n\t\t","protected":false},"excerpt":{"rendered":"<p>Unser Auftrag: Mit der operativen T\u00e4tigkeit unseres Unternehmens entwickeln wir eine professionelle und zuverl\u00e4ssige Unterst\u00fctzung f\u00fcr eine \u00e4u\u00dferst anspruchsvolle Kundschaft, die auf den internationalen M\u00e4rkten t\u00e4tig ist und unsere spezialisierten, ma\u00dfgeschneiderten Dienstleistungen sucht und in Anspruch nimmt, um Spitzenleistungen im exekutiven und qualitativen Bereich unter voller Beachtung der Umwelt und der Regeln f\u00fcr die Gesundheit [&hellip;]<\/p>\n","protected":false},"author":3,"featured_media":0,"parent":0,"menu_order":0,"comment_status":"closed","ping_status":"closed","template":"elementor_header_footer","meta":{"_seopress_robots_primary_cat":"","_seopress_titles_title":"","_seopress_titles_desc":"","_seopress_robots_index":"","footnotes":""},"class_list":["post-7867","page","type-page","status-publish","hentry"],"_links":{"self":[{"href":"https:\/\/resl.ch\/de\/wp-json\/wp\/v2\/pages\/7867","targetHints":{"allow":["GET"]}}],"collection":[{"href":"https:\/\/resl.ch\/de\/wp-json\/wp\/v2\/pages"}],"about":[{"href":"https:\/\/resl.ch\/de\/wp-json\/wp\/v2\/types\/page"}],"author":[{"embeddable":true,"href":"https:\/\/resl.ch\/de\/wp-json\/wp\/v2\/users\/3"}],"replies":[{"embeddable":true,"href":"https:\/\/resl.ch\/de\/wp-json\/wp\/v2\/comments?post=7867"}],"version-history":[{"count":0,"href":"https:\/\/resl.ch\/de\/wp-json\/wp\/v2\/pages\/7867\/revisions"}],"wp:attachment":[{"href":"https:\/\/resl.ch\/de\/wp-json\/wp\/v2\/media?parent=7867"}],"curies":[{"name":"wp","href":"https:\/\/api.w.org\/{rel}","templated":true}]}}